{"id":34,"date":"2025-10-24T02:29:26","date_gmt":"2025-10-24T02:29:26","guid":{"rendered":"https:\/\/diencongnghiepphutho.com\/about-us\/"},"modified":"2025-11-04T16:57:30","modified_gmt":"2025-11-04T16:57:30","slug":"about-us","status":"publish","type":"page","link":"https:\/\/diencongnghiepphutho.com\/?page_id=34","title":{"rendered":"Gi\u1edbi thi\u1ec7u"},"content":{"rendered":"\t\t<div data-elementor-type=\"wp-page\" data-elementor-id=\"34\" class=\"elementor elementor-34\" data-elementor-post-type=\"page\">\n\t\t\t\t<div class=\"elementor-element elementor-element-59e9bf9 e-flex e-con-boxed e-con e-parent\" data-id=\"59e9bf9\" data-element_type=\"container\">\n\t\t\t\t\t<div class=\"e-con-inner\">\n\t\t\t\t<div class=\"elementor-element elementor-element-3864ad9 elementor-widget elementor-widget-text-editor\" data-id=\"3864ad9\" data-element_type=\"widget\" data-widget_type=\"text-editor.default\">\n\t\t\t\t\t\t\t\t\t<h2 data-start=\"376\" data-end=\"440\">\ud83c\udfe2 <strong data-start=\"382\" data-end=\"440\">Gi\u1edbi thi\u1ec7u C\u00f4ng ty TNHH Thi\u1ebft B\u1ecb v\u00e0 Ph\u1ee5 Ki\u1ec7n Ho\u00e0ng Anh<\/strong><\/h2>\n<h3 data-start=\"442\" data-end=\"473\"><strong data-start=\"446\" data-end=\"473\">1. T\u1ed5ng quan v\u1ec1 c\u00f4ng ty<\/strong><\/h3>\n<p data-start=\"474\" data-end=\"868\"><strong data-start=\"474\" data-end=\"521\">C\u00f4ng ty TNHH Thi\u1ebft B\u1ecb v\u00e0 Ph\u1ee5 Ki\u1ec7n Ho\u00e0ng Anh<\/strong> l\u00e0 doanh nghi\u1ec7p ho\u1ea1t \u0111\u1ed9ng trong l\u0129nh v\u1ef1c <strong data-start=\"563\" data-end=\"662\">t\u1ef1 \u0111\u1ed9ng h\u00f3a c\u00f4ng nghi\u1ec7p, s\u1eeda ch\u1eefa m\u00e1y m\u00f3c c\u00f4ng nghi\u1ec7p v\u00e0 thi\u1ebft k\u1ebf \u2013 l\u1eafp \u0111\u1eb7t t\u1ee7 \u0111i\u1ec7n c\u00f4ng nghi\u1ec7p<\/strong>.<br data-start=\"663\" data-end=\"666\">Ra \u0111\u1eddi v\u1edbi kh\u00e1t v\u1ecdng \u0111\u00f3ng g\u00f3p v\u00e0o qu\u00e1 tr\u00ecnh <strong data-start=\"710\" data-end=\"744\">c\u00f4ng nghi\u1ec7p h\u00f3a \u2013 hi\u1ec7n \u0111\u1ea1i h\u00f3a<\/strong> c\u1ee7a \u0111\u1ea5t n\u01b0\u1edbc, Ho\u00e0ng Anh cam k\u1ebft mang \u0111\u1ebfn cho kh\u00e1ch h\u00e0ng <strong data-start=\"801\" data-end=\"867\">gi\u1ea3i ph\u00e1p k\u1ef9 thu\u1eadt t\u1ed1i \u01b0u, an to\u00e0n, ti\u1ebft ki\u1ec7m v\u00e0 hi\u1ec7u qu\u1ea3 nh\u1ea5t<\/strong>.<\/p>\n<p data-start=\"870\" data-end=\"1166\">V\u1edbi \u0111\u1ed9i ng\u0169 k\u1ef9 s\u01b0 gi\u00e0u kinh nghi\u1ec7m, \u0111\u01b0\u1ee3c \u0111\u00e0o t\u1ea1o b\u00e0i b\u1ea3n t\u1eeb c\u00e1c tr\u01b0\u1eddng k\u1ef9 thu\u1eadt h\u00e0ng \u0111\u1ea7u v\u00e0 t\u1eebng ti\u1ebfp x\u00fac, l\u00e0m vi\u1ec7c tr\u1ef1c ti\u1ebfp v\u1edbi c\u00e1c m\u00e1y m\u00f3c hi\u1ec7n \u0111\u1ea1i t\u1eeb Nh\u1eadt B\u1ea3n, H\u00e0n Qu\u1ed1c, Trung Qu\u1ed1c,&#8230; Ho\u00e0ng Anh lu\u00f4n s\u1eb5n s\u00e0ng <strong data-start=\"984\" data-end=\"1023\">\u0111\u00e1p \u1ee9ng nh\u1eefng y\u00eau c\u1ea7u ph\u1ee9c t\u1ea1p nh\u1ea5t<\/strong> c\u1ee7a kh\u00e1ch h\u00e0ng trong nhi\u1ec1u l\u0129nh v\u1ef1c s\u1ea3n xu\u1ea5t nh\u01b0: S\u1ea3n xu\u1ea9t b\u1ea3n m\u1ea1ch PCB, S\u1ea3n xu\u1ea9t linh ki\u1ec7n \u0111i\u1ec7n t\u1eed, c\u01a1 kh\u00ed ch\u00ednh x\u00e1c, nh\u1ef1a, d\u1ec7t may, th\u1ef1c ph\u1ea9m, bao b\u00ec,&#8230;<\/p>\n<hr data-start=\"1168\" data-end=\"1171\">\n<h3 data-start=\"1173\" data-end=\"1208\"><strong data-start=\"1177\" data-end=\"1208\">2. L\u0129nh v\u1ef1c ho\u1ea1t \u0111\u1ed9ng ch\u00ednh<\/strong><\/h3>\n<p data-start=\"1209\" data-end=\"1322\">Ho\u00e0ng Anh cung c\u1ea5p <strong data-start=\"1228\" data-end=\"1251\">gi\u1ea3i ph\u00e1p to\u00e0n di\u1ec7n<\/strong> cho h\u1ec7 th\u1ed1ng \u0111i\u1ec7n c\u00f4ng nghi\u1ec7p v\u00e0 d\u00e2y chuy\u1ec1n s\u1ea3n xu\u1ea5t t\u1ef1 \u0111\u1ed9ng, bao g\u1ed3m:<\/p>\n<ul data-start=\"1324\" data-end=\"2214\">\n<li data-start=\"1324\" data-end=\"1526\">\n<p data-start=\"1326\" data-end=\"1526\">\u2699\ufe0f <strong data-start=\"1329\" data-end=\"1372\">Thi\u1ebft k\u1ebf &amp; l\u1eafp \u0111\u1eb7t t\u1ee7 \u0111i\u1ec7n c\u00f4ng nghi\u1ec7p:<\/strong><br data-start=\"1372\" data-end=\"1375\">T\u1ee7 \u0111\u1ed9ng l\u1ef1c, t\u1ee7 \u0111i\u1ec1u khi\u1ec3n, t\u1ee7 PLC, t\u1ee7 bi\u1ebfn t\u1ea7n, t\u1ee7 ph\u00e2n ph\u1ed1i, t\u1ee7 t\u1ee5 b\u00f9, ATS \u2013 \u0111\u01b0\u1ee3c ch\u1ebf t\u1ea1o theo ti\u00eau chu\u1ea9n k\u1ef9 thu\u1eadt, \u0111\u1ea3m b\u1ea3o t\u00ednh an to\u00e0n, th\u1ea9m m\u1ef9 v\u00e0 \u0111\u1ed9 b\u1ec1n cao.<\/p>\n<\/li>\n<li data-start=\"1528\" data-end=\"1768\">\n<p data-start=\"1530\" data-end=\"1768\">\ud83e\uddf0 <strong data-start=\"1533\" data-end=\"1578\">S\u1eeda ch\u1eefa &amp; b\u1ea3o d\u01b0\u1ee1ng m\u00e1y m\u00f3c c\u00f4ng nghi\u1ec7p:<\/strong><br data-start=\"1578\" data-end=\"1581\">Kh\u1eafc ph\u1ee5c nhanh c\u00e1c s\u1ef1 c\u1ed1 m\u00e1y \u00e9p, l\u00f2 s\u1ea5y, Reflow, AOI, Loader, Unloader, Laminate, Clean Machine, m\u00e1y d\u1eadp, h\u1ec7 th\u1ed1ng b\u0103ng t\u1ea3i, robot c\u00f4ng nghi\u1ec7p&#8230; gi\u00fap doanh nghi\u1ec7p <strong data-start=\"1701\" data-end=\"1732\">r\u00fat ng\u1eafn th\u1eddi gian d\u1eebng m\u00e1y<\/strong> v\u00e0 <strong data-start=\"1736\" data-end=\"1765\">duy tr\u00ec ho\u1ea1t \u0111\u1ed9ng \u1ed5n \u0111\u1ecbnh<\/strong>.<\/p>\n<\/li>\n<li data-start=\"1770\" data-end=\"2004\">\n<p data-start=\"1772\" data-end=\"2004\">\ud83d\udd0c <strong data-start=\"1775\" data-end=\"1825\">Cung c\u1ea5p thi\u1ebft b\u1ecb &amp; ph\u1ee5 ki\u1ec7n \u0111i\u1ec7n c\u00f4ng nghi\u1ec7p:<\/strong><br data-start=\"1825\" data-end=\"1828\">PLC, bi\u1ebfn t\u1ea7n, c\u1ea3m bi\u1ebfn, relay, thi\u1ebft b\u1ecb \u0111\u00f3ng c\u1eaft, ph\u1ee5 ki\u1ec7n t\u1ee7 \u0111i\u1ec7n, d\u00e2y d\u1eabn c\u00f4ng nghi\u1ec7p&#8230; t\u1eeb c\u00e1c th\u01b0\u01a1ng hi\u1ec7u uy t\u00edn nh\u01b0 Siemens, LS, Schneider, Omron, Mitsubishi, Delta,&#8230;<\/p>\n<\/li>\n<li data-start=\"2006\" data-end=\"2214\">\n<p data-start=\"2008\" data-end=\"2214\">\ud83e\udd16 <strong data-start=\"2011\" data-end=\"2059\">C\u1ea3i ti\u1ebfn v\u00e0 t\u1ef1 \u0111\u1ed9ng h\u00f3a d\u00e2y chuy\u1ec1n s\u1ea3n xu\u1ea5t:<\/strong><br data-start=\"2059\" data-end=\"2062\">T\u01b0 v\u1ea5n, thi\u1ebft k\u1ebf v\u00e0 tri\u1ec3n khai c\u00e1c <strong data-start=\"2099\" data-end=\"2135\">gi\u1ea3i ph\u00e1p t\u1ef1 \u0111\u1ed9ng h\u00f3a th\u00f4ng minh<\/strong>, gi\u00fap t\u0103ng n\u0103ng su\u1ea5t, t\u1ed1i \u01b0u chi ph\u00ed v\u1eadn h\u00e0nh v\u00e0 n\u00e2ng cao ch\u1ea5t l\u01b0\u1ee3ng s\u1ea3n ph\u1ea9m.<\/p>\n<\/li>\n<\/ul>\n<hr data-start=\"2216\" data-end=\"2219\">\n<h3 data-start=\"2221\" data-end=\"2268\"><strong data-start=\"2225\" data-end=\"2268\">3. T\u1ea7m nh\u00ecn \u2013 S\u1ee9 m\u1ec7nh \u2013 Gi\u00e1 tr\u1ecb c\u1ed1t l\u00f5i<\/strong><\/h3>\n<ul data-start=\"2269\" data-end=\"2767\">\n<li data-start=\"2269\" data-end=\"2422\">\n<p data-start=\"2271\" data-end=\"2422\">\ud83c\udf1f <strong data-start=\"2274\" data-end=\"2287\">T\u1ea7m nh\u00ecn:<\/strong><br data-start=\"2287\" data-end=\"2290\">Tr\u1edf th\u00e0nh <strong data-start=\"2302\" data-end=\"2330\">\u0111\u01a1n v\u1ecb h\u00e0ng \u0111\u1ea7u mi\u1ec1n B\u1eafc<\/strong>&nbsp;trong l\u0129nh v\u1ef1c <strong data-start=\"2346\" data-end=\"2385\">t\u1ef1 \u0111\u1ed9ng h\u00f3a v\u00e0 s\u1eeda ch\u1eefa c\u00f4ng nghi\u1ec7p<\/strong>, h\u01b0\u1edbng \u0111\u1ebfn m\u1edf r\u1ed9ng tr\u00ean to\u00e0n qu\u1ed1c.<\/p>\n<\/li>\n<li data-start=\"2424\" data-end=\"2576\">\n<p data-start=\"2426\" data-end=\"2576\">\ud83c\udfaf <strong data-start=\"2429\" data-end=\"2441\">S\u1ee9 m\u1ec7nh:<\/strong><br data-start=\"2441\" data-end=\"2444\">Cung c\u1ea5p <strong data-start=\"2455\" data-end=\"2487\">gi\u1ea3i ph\u00e1p k\u1ef9 thu\u1eadt to\u00e0n di\u1ec7n<\/strong> gi\u00fap doanh nghi\u1ec7p Vi\u1ec7t Nam <strong data-start=\"2515\" data-end=\"2574\">v\u1eadn h\u00e0nh th\u00f4ng minh h\u01a1n \u2013 ti\u1ebft ki\u1ec7m h\u01a1n \u2013 hi\u1ec7u qu\u1ea3 h\u01a1n.<\/strong><\/p>\n<\/li>\n<li data-start=\"2578\" data-end=\"2767\">\n<p data-start=\"2580\" data-end=\"2767\">\ud83d\udc8e <strong data-start=\"2583\" data-end=\"2603\">Gi\u00e1 tr\u1ecb c\u1ed1t l\u00f5i:<\/strong><br data-start=\"2603\" data-end=\"2606\"><strong data-start=\"2608\" data-end=\"2653\">Ch\u1ea5t l\u01b0\u1ee3ng \u2013 Uy t\u00edn \u2013 T\u1eadn t\u00e2m \u2013 S\u00e1ng t\u1ea1o.<\/strong><br data-start=\"2653\" data-end=\"2656\">\u0110\u00e2y l\u00e0 n\u1ec1n t\u1ea3ng \u0111\u1ec3 Ho\u00e0ng Anh kh\u00f4ng ng\u1eebng ho\u00e0n thi\u1ec7n, ph\u00e1t tri\u1ec3n v\u00e0 t\u1ea1o d\u1ef1ng ni\u1ec1m tin v\u1edbi kh\u00e1ch h\u00e0ng, \u0111\u1ed1i t\u00e1c.<\/p>\n<\/li>\n<\/ul>\n<hr data-start=\"2769\" data-end=\"2772\">\n<h3 data-start=\"2774\" data-end=\"2806\"><strong data-start=\"2778\" data-end=\"2806\">4. Ph\u01b0\u01a1ng ch\u00e2m ho\u1ea1t \u0111\u1ed9ng<\/strong><\/h3>\n<blockquote data-start=\"2807\" data-end=\"2877\">\n<p data-start=\"2809\" data-end=\"2877\"><strong data-start=\"2809\" data-end=\"2875\">\u201cT\u1eadn t\u00e2m trong t\u1eebng chi ti\u1ebft \u2013 Ho\u00e0n h\u1ea3o trong t\u1eebng gi\u1ea3i ph\u00e1p.\u201d<\/strong><\/p>\n<\/blockquote>\n<p data-start=\"2879\" data-end=\"3157\">Ho\u00e0ng Anh lu\u00f4n \u0111\u1eb7t <strong data-start=\"2898\" data-end=\"2922\">ch\u1ea5t l\u01b0\u1ee3ng v\u00e0 uy t\u00edn<\/strong> l\u00ean h\u00e0ng \u0111\u1ea7u, coi <strong data-start=\"2941\" data-end=\"2971\">s\u1ef1 h\u00e0i l\u00f2ng c\u1ee7a kh\u00e1ch h\u00e0ng<\/strong> l\u00e0 kim ch\u1ec9 nam cho m\u1ecdi ho\u1ea1t \u0111\u1ed9ng.<br data-start=\"3005\" data-end=\"3008\">Ch\u00fang t\u00f4i \u0111\u1ea7u t\u01b0 m\u1ea1nh v\u00e0o <strong data-start=\"3034\" data-end=\"3079\">con ng\u01b0\u1eddi, c\u00f4ng ngh\u1ec7 v\u00e0 quy tr\u00ecnh qu\u1ea3n l\u00fd<\/strong>, nh\u1eb1m \u0111\u1ea3m b\u1ea3o <strong data-start=\"3094\" data-end=\"3156\">s\u1ea3n ph\u1ea9m ch\u1ea5t l\u01b0\u1ee3ng cao \u2013 ti\u1ebfn \u0111\u1ed9 nhanh \u2013 gi\u00e1 th\u00e0nh h\u1ee3p l\u00fd<\/strong>.<\/p>\n<hr data-start=\"3159\" data-end=\"3162\">\n<h3 data-start=\"3164\" data-end=\"3196\"><strong data-start=\"3168\" data-end=\"3196\">5. \u0110\u1ecbnh h\u01b0\u1edbng ph\u00e1t tri\u1ec3n<\/strong><\/h3>\n<p data-start=\"3197\" data-end=\"3278\">Trong th\u1eddi gian t\u1edbi, <strong data-start=\"3218\" data-end=\"3265\">C\u00f4ng ty TNHH Thi\u1ebft B\u1ecb v\u00e0 Ph\u1ee5 Ki\u1ec7n Ho\u00e0ng Anh<\/strong> h\u01b0\u1edbng \u0111\u1ebfn:<\/p>\n<ul data-start=\"3279\" data-end=\"3650\">\n<li data-start=\"3279\" data-end=\"3345\">\n<p data-start=\"3281\" data-end=\"3345\">M\u1edf r\u1ed9ng quy m\u00f4 d\u1ecbch v\u1ee5 s\u1eeda ch\u1eefa v\u00e0 t\u1ef1 \u0111\u1ed9ng h\u00f3a tr\u00ean to\u00e0n qu\u1ed1c.<\/p>\n<\/li>\n<li data-start=\"3346\" data-end=\"3431\">\n<p data-start=\"3348\" data-end=\"3431\">X\u00e2y d\u1ef1ng <strong data-start=\"3357\" data-end=\"3392\">x\u01b0\u1edfng s\u1ea3n xu\u1ea5t t\u1ee7 \u0111i\u1ec7n hi\u1ec7n \u0111\u1ea1i<\/strong> t\u1ea1i khu v\u1ef1c <strong data-start=\"3405\" data-end=\"3428\">V\u0129nh Ph\u00fac \u2013 Ph\u00fa Th\u1ecd<\/strong>.<\/p>\n<\/li>\n<li data-start=\"3432\" data-end=\"3549\">\n<p data-start=\"3434\" data-end=\"3549\">\u0110\u1ea9y m\u1ea1nh <strong data-start=\"3443\" data-end=\"3474\">th\u01b0\u01a1ng m\u1ea1i \u0111i\u1ec7n t\u1eed k\u1ef9 thu\u1eadt<\/strong>, \u0111\u01b0a s\u1ea3n ph\u1ea9m v\u00e0 d\u1ecbch v\u1ee5 Ho\u00e0ng Anh \u0111\u1ebfn g\u1ea7n h\u01a1n v\u1edbi kh\u00e1ch h\u00e0ng to\u00e0n qu\u1ed1c.<\/p>\n<\/li>\n<li data-start=\"3550\" data-end=\"3650\">\n<p data-start=\"3552\" data-end=\"3650\">\u1ee8ng d\u1ee5ng <strong data-start=\"3561\" data-end=\"3582\">c\u00e1c c\u00f4ng ngh\u1ec7 m\u1edbi<\/strong> nh\u01b0 IoT, VISION v\u00e0 robot c\u00f4ng nghi\u1ec7p v\u00e0o c\u00e1c d\u1ef1 \u00e1n t\u1ef1 \u0111\u1ed9ng h\u00f3a.<\/p>\n<\/li>\n<\/ul>\n<hr data-start=\"3652\" data-end=\"3655\">\n<h3 data-start=\"3657\" data-end=\"3690\"><strong data-start=\"3661\" data-end=\"3690\">6. Cam k\u1ebft v\u1edbi kh\u00e1ch h\u00e0ng<\/strong><\/h3>\n<p data-start=\"3691\" data-end=\"3961\">Ho\u00e0ng Anh cam k\u1ebft mang \u0111\u1ebfn cho kh\u00e1ch h\u00e0ng <strong data-start=\"3733\" data-end=\"3768\">gi\u1ea3i ph\u00e1p k\u1ef9 thu\u1eadt \u0111\u00e1ng tin c\u1eady<\/strong>, d\u1ecbch v\u1ee5 chuy\u00ean nghi\u1ec7p v\u00e0 \u0111\u1ed3ng h\u00e0nh l\u00e2u d\u00e0i trong qu\u00e1 tr\u00ecnh ph\u00e1t tri\u1ec3n s\u1ea3n xu\u1ea5t.<br data-start=\"3849\" data-end=\"3852\">Ch\u00fang t\u00f4i kh\u00f4ng ch\u1ec9 b\u00e1n s\u1ea3n ph\u1ea9m \u2013 <strong data-start=\"3887\" data-end=\"3929\">ch\u00fang t\u00f4i cung c\u1ea5p gi\u1ea3i ph\u00e1p to\u00e0n di\u1ec7n<\/strong> cho ng\u00e0nh c\u00f4ng nghi\u1ec7p.<\/p>\t\t\t\t\t\t\t\t<\/div>\n\t\t\t\t\t<\/div>\n\t\t\t\t<\/div>\n\t\t\t\t<\/div>\n\t\t","protected":false},"excerpt":{"rendered":"<p>\ud83c\udfe2 Gi\u1edbi thi\u1ec7u C\u00f4ng ty TNHH Thi\u1ebft B\u1ecb v\u00e0 Ph\u1ee5 Ki\u1ec7n Ho\u00e0ng Anh 1. T\u1ed5ng quan v\u1ec1 c\u00f4ng ty C\u00f4ng ty TNHH Thi\u1ebft B\u1ecb v\u00e0 Ph\u1ee5 Ki\u1ec7n Ho\u00e0ng Anh l\u00e0 doanh nghi\u1ec7p ho\u1ea1t \u0111\u1ed9ng trong l\u0129nh v\u1ef1c t\u1ef1 \u0111\u1ed9ng h\u00f3a c\u00f4ng nghi\u1ec7p, s\u1eeda ch\u1eefa m\u00e1y m\u00f3c c\u00f4ng nghi\u1ec7p v\u00e0 thi\u1ebft k\u1ebf \u2013 l\u1eafp \u0111\u1eb7t t\u1ee7 [&hellip;]<\/p>\n","protected":false},"author":1,"featured_media":0,"parent":0,"menu_order":0,"comment_status":"closed","ping_status":"closed","template":"","meta":{"footnotes":""},"class_list":["post-34","page","type-page","status-publish","hentry"],"_links":{"self":[{"href":"https:\/\/diencongnghiepphutho.com\/index.php?rest_route=\/wp\/v2\/pages\/34","targetHints":{"allow":["GET"]}}],"collection":[{"href":"https:\/\/diencongnghiepphutho.com\/index.php?rest_route=\/wp\/v2\/pages"}],"about":[{"href":"https:\/\/diencongnghiepphutho.com\/index.php?rest_route=\/wp\/v2\/types\/page"}],"author":[{"embeddable":true,"href":"https:\/\/diencongnghiepphutho.com\/index.php?rest_route=\/wp\/v2\/users\/1"}],"replies":[{"embeddable":true,"href":"https:\/\/diencongnghiepphutho.com\/index.php?rest_route=%2Fwp%2Fv2%2Fcomments&post=34"}],"version-history":[{"count":7,"href":"https:\/\/diencongnghiepphutho.com\/index.php?rest_route=\/wp\/v2\/pages\/34\/revisions"}],"predecessor-version":[{"id":387,"href":"https:\/\/diencongnghiepphutho.com\/index.php?rest_route=\/wp\/v2\/pages\/34\/revisions\/387"}],"wp:attachment":[{"href":"https:\/\/diencongnghiepphutho.com\/index.php?rest_route=%2Fwp%2Fv2%2Fmedia&parent=34"}],"curies":[{"name":"wp","href":"https:\/\/api.w.org\/{rel}","templated":true}]}}